{"id":72,"date":"2012-02-23T01:19:19","date_gmt":"2012-02-23T00:19:19","guid":{"rendered":"http:\/\/hdir-4.hdir.hr\/?page_id=72"},"modified":"2016-11-08T15:22:11","modified_gmt":"2016-11-08T14:22:11","slug":"sponsors","status":"publish","type":"page","link":"https:\/\/hdir-4.hdir.hr\/?page_id=72","title":{"rendered":"Sponsors"},"content":{"rendered":"<p><!--:en--><\/p>\n<h3 style=\"text-align: justify;\"><span style=\"color: #000000;\">The Conference is being held under the auspices of the President of the Republic of Croatia Kolinda Grabar-Kitarovi\u0107.<br \/>\n<\/span><\/h3>\n<p><a href=\"http:\/\/predsjednica.hr\/naslovnica\/en\" target=\"_blank\"><img loading=\"lazy\" decoding=\"async\" class=\"aligncenter wp-image-364\" title=\"President of the Republic of Croatia\" src=\"http:\/\/hdir-4.hdir.hr\/wp-content\/uploads\/2014\/06\/Presidential_Flag_of_Croatia-Small-150x150.jpg\" width=\"200\" height=\"200\" srcset=\"https:\/\/hdir-4.hdir.hr\/wp-content\/uploads\/2014\/06\/Presidential_Flag_of_Croatia-Small-150x150.jpg 150w, https:\/\/hdir-4.hdir.hr\/wp-content\/uploads\/2014\/06\/Presidential_Flag_of_Croatia-Small-300x300.jpg 300w, https:\/\/hdir-4.hdir.hr\/wp-content\/uploads\/2014\/06\/Presidential_Flag_of_Croatia-Small.jpg 480w\" sizes=\"auto, (max-width: 200px) 100vw, 200px\" \/><\/a><\/p>\n<h3><span style=\"color: #000000;\">HDIR wishes to thank our sponsors:<\/span><\/h3>\n<p><a href=\"http:\/\/www.eacr.org\/\" target=\"_blank\"><img loading=\"lazy\" decoding=\"async\" class=\"aligncenter wp-image-615\" title=\"European Association for Cancer Research\" src=\"http:\/\/hdir-4.hdir.hr\/wp-content\/uploads\/2016\/06\/eacr_logo.jpg\" alt=\"EACR\" width=\"200\" height=\"143\" srcset=\"https:\/\/hdir-4.hdir.hr\/wp-content\/uploads\/2016\/06\/eacr_logo.jpg 382w, https:\/\/hdir-4.hdir.hr\/wp-content\/uploads\/2016\/06\/eacr_logo-300x214.jpg 300w\" sizes=\"auto, (max-width: 200px) 100vw, 200px\" \/><\/a><\/p>\n<p><a href=\"http:\/\/zagreb.hr\/default.aspx?id=1979\" target=\"_blank\"><img loading=\"lazy\" decoding=\"async\" class=\"aligncenter wp-image-219\" title=\"City of Zagreb\" src=\"http:\/\/hdir-4.hdir.hr\/wp-content\/uploads\/2012\/04\/Zagreb.jpg\" width=\"200\" height=\"245\" \/><\/a><\/p>\n<p><a href=\"http:\/\/info.hazu.hr\/\" target=\"_blank\"><img loading=\"lazy\" decoding=\"async\" class=\"aligncenter wp-image-286\" title=\"Croatian Academy of Sciences and Arts\" src=\"http:\/\/hdir-3.hdir.hr\/wp-content\/uploads\/2012\/10\/HAZU-150x150.jpg\" width=\"200\" height=\"200\" srcset=\"https:\/\/hdir-4.hdir.hr\/wp-content\/uploads\/2012\/10\/HAZU-150x150.jpg 150w, https:\/\/hdir-4.hdir.hr\/wp-content\/uploads\/2012\/10\/HAZU.jpg 295w\" sizes=\"auto, (max-width: 200px) 100vw, 200px\" \/><\/a><\/p>\n<p><a href=\"http:\/\/public.mzos.hr\/Default.aspx?sec=2428\" target=\"_blank\"><img loading=\"lazy\" decoding=\"async\" class=\"aligncenter wp-image-251\" title=\"Ministry of Science and Education of Republic of Croatia\" src=\"http:\/\/hdir-4.hdir.hr\/wp-content\/uploads\/2012\/07\/mzos.jpg\" alt=\"Ministarstvo znanosti, obrazovanja i sporta Republike Hrvatska\" width=\"200\" height=\"98\" \/><\/a><\/p>\n<p><a href=\"http:\/\/www.irb.hr\/eng\" target=\"_blank\"><img loading=\"lazy\" decoding=\"async\" class=\"aligncenter wp-image-254\" title=\"Ru\u0111er Bo\u0161kovi\u0107 Institute\" src=\"http:\/\/hdir-4.hdir.hr\/wp-content\/uploads\/2012\/07\/IRB-logo.jpg\" alt=\"Ru\u0111er Bo\u0161kovi\u0107 Institute\" width=\"200\" height=\"139\" srcset=\"https:\/\/hdir-4.hdir.hr\/wp-content\/uploads\/2012\/07\/IRB-logo.jpg 356w, https:\/\/hdir-4.hdir.hr\/wp-content\/uploads\/2012\/07\/IRB-logo-300x208.jpg 300w\" sizes=\"auto, (max-width: 200px) 100vw, 200px\" \/><\/a><\/p>\n<p><a href=\"https:\/\/www.astrazeneca.hr\/\" target=\"_blank\"><img loading=\"lazy\" decoding=\"async\" class=\"aligncenter wp-image-607\" title=\"AstraZeneca HR\" src=\"http:\/\/hdir-4.hdir.hr\/wp-content\/uploads\/2016\/06\/AZ.jpg\" alt=\"AstraZeneca\" width=\"400\" height=\"97\" \/><\/a><\/p>\n<p><a href=\"http:\/\/biosistemigrupa.com\/\" target=\"_blank\"><img loading=\"lazy\" decoding=\"async\" class=\"aligncenter wp-image-223\" title=\"Biosistemi grupa\" src=\"http:\/\/hdir-4.hdir.hr\/wp-content\/uploads\/2012\/02\/biosistemi-e1402558934136.jpg\" width=\"400\" height=\"104\" srcset=\"https:\/\/hdir-4.hdir.hr\/wp-content\/uploads\/2012\/02\/biosistemi-e1402558934136.jpg 341w, https:\/\/hdir-4.hdir.hr\/wp-content\/uploads\/2012\/02\/biosistemi-e1402558934136-300x78.jpg 300w\" sizes=\"auto, (max-width: 400px) 100vw, 400px\" \/><\/a><\/p>\n<p><a href=\"http:\/\/skalpeli.hr\/\" target=\"_blank\"><img loading=\"lazy\" decoding=\"async\" class=\"aligncenter wp-image-373\" title=\"Diagnostica Skalpeli\" src=\"http:\/\/hdir-4.hdir.hr\/wp-content\/uploads\/2014\/06\/D.skalpeli-300x102.jpg\" width=\"400\" height=\"137\" srcset=\"https:\/\/hdir-4.hdir.hr\/wp-content\/uploads\/2014\/06\/D.skalpeli-300x102.jpg 300w, https:\/\/hdir-4.hdir.hr\/wp-content\/uploads\/2014\/06\/D.skalpeli.jpg 702w\" sizes=\"auto, (max-width: 400px) 100vw, 400px\" \/><\/a><\/p>\n<p><a href=\"http:\/\/www.merckgroup.com\/en\/index.html\" target=\"_blank\"><img loading=\"lazy\" decoding=\"async\" class=\"wp-image-508 aligncenter\" title=\"Merck\" src=\"http:\/\/hdir-4.hdir.hr\/wp-content\/uploads\/2016\/03\/MERCK.png\" width=\"400\" height=\"63\" srcset=\"https:\/\/hdir-4.hdir.hr\/wp-content\/uploads\/2016\/03\/MERCK.png 957w, https:\/\/hdir-4.hdir.hr\/wp-content\/uploads\/2016\/03\/MERCK-300x47.png 300w, https:\/\/hdir-4.hdir.hr\/wp-content\/uploads\/2016\/03\/MERCK-768x121.png 768w\" sizes=\"auto, (max-width: 400px) 100vw, 400px\" \/><\/a><\/p>\n<p><a href=\"http:\/\/kemomed.hr\" target=\"_blank\"><img loading=\"lazy\" decoding=\"async\" class=\"aligncenter wp-image-563\" title=\"Kemomed\" src=\"http:\/\/hdir-4.hdir.hr\/wp-content\/uploads\/2016\/04\/logotip_kemomed.jpg\" width=\"400\" height=\"120\" srcset=\"https:\/\/hdir-4.hdir.hr\/wp-content\/uploads\/2016\/04\/logotip_kemomed.jpg 1220w, https:\/\/hdir-4.hdir.hr\/wp-content\/uploads\/2016\/04\/logotip_kemomed-300x90.jpg 300w, https:\/\/hdir-4.hdir.hr\/wp-content\/uploads\/2016\/04\/logotip_kemomed-768x231.jpg 768w, https:\/\/hdir-4.hdir.hr\/wp-content\/uploads\/2016\/04\/logotip_kemomed-1024x308.jpg 1024w\" sizes=\"auto, (max-width: 400px) 100vw, 400px\" \/><\/a><\/p>\n<p><a href=\"http:\/\/www.kefo.hr\/\" target=\"_blank\"><img loading=\"lazy\" decoding=\"async\" class=\"aligncenter wp-image-599\" title=\"KEFO\" src=\"http:\/\/hdir-4.hdir.hr\/wp-content\/uploads\/2016\/04\/Kefo.jpg\" alt=\"KEFO\" width=\"400\" height=\"160\" srcset=\"https:\/\/hdir-4.hdir.hr\/wp-content\/uploads\/2016\/04\/Kefo.jpg 2363w, https:\/\/hdir-4.hdir.hr\/wp-content\/uploads\/2016\/04\/Kefo-300x120.jpg 300w, https:\/\/hdir-4.hdir.hr\/wp-content\/uploads\/2016\/04\/Kefo-768x306.jpg 768w, https:\/\/hdir-4.hdir.hr\/wp-content\/uploads\/2016\/04\/Kefo-1024x409.jpg 1024w\" sizes=\"auto, (max-width: 400px) 100vw, 400px\" \/><\/a><\/p>\n<p><a href=\"https:\/\/www.sistemasgenomicos.com\/\" target=\"_blank\"><img loading=\"lazy\" decoding=\"async\" class=\"aligncenter wp-image-626\" title=\"Sistemas Genomicos\" src=\"http:\/\/hdir-4.hdir.hr\/wp-content\/uploads\/2016\/06\/sistemas-genomicos.png\" width=\"400\" height=\"131\" srcset=\"https:\/\/hdir-4.hdir.hr\/wp-content\/uploads\/2016\/06\/sistemas-genomicos.png 907w, https:\/\/hdir-4.hdir.hr\/wp-content\/uploads\/2016\/06\/sistemas-genomicos-300x99.png 300w, https:\/\/hdir-4.hdir.hr\/wp-content\/uploads\/2016\/06\/sistemas-genomicos-768x252.png 768w\" sizes=\"auto, (max-width: 400px) 100vw, 400px\" \/><\/a><\/p>\n<p><a href=\"http:\/\/www.vitalab.hr\/\" target=\"_blank\"><img loading=\"lazy\" decoding=\"async\" class=\"aligncenter wp-image-636\" title=\"Vita Lab Nova\" src=\"http:\/\/hdir-4.hdir.hr\/wp-content\/uploads\/2016\/08\/VLN_logo.jpg\" width=\"400\" height=\"229\" srcset=\"https:\/\/hdir-4.hdir.hr\/wp-content\/uploads\/2016\/08\/VLN_logo.jpg 1200w, https:\/\/hdir-4.hdir.hr\/wp-content\/uploads\/2016\/08\/VLN_logo-300x172.jpg 300w, https:\/\/hdir-4.hdir.hr\/wp-content\/uploads\/2016\/08\/VLN_logo-768x439.jpg 768w, https:\/\/hdir-4.hdir.hr\/wp-content\/uploads\/2016\/08\/VLN_logo-1024x585.jpg 1024w\" sizes=\"auto, (max-width: 400px) 100vw, 400px\" \/><\/a><\/p>\n<p><a href=\"http:\/\/www.bmgrp.hr\/home\/\" target=\"_blank\"><img loading=\"lazy\" decoding=\"async\" class=\"aligncenter wp-image-656\" title=\"Biomedica dijagnostika\" src=\"http:\/\/hdir-4.hdir.hr\/wp-content\/uploads\/2016\/09\/Biomedica-Small.jpg\" width=\"400\" height=\"172\" srcset=\"https:\/\/hdir-4.hdir.hr\/wp-content\/uploads\/2016\/09\/Biomedica-Small.jpg 854w, https:\/\/hdir-4.hdir.hr\/wp-content\/uploads\/2016\/09\/Biomedica-Small-300x129.jpg 300w, https:\/\/hdir-4.hdir.hr\/wp-content\/uploads\/2016\/09\/Biomedica-Small-768x330.jpg 768w\" sizes=\"auto, (max-width: 400px) 100vw, 400px\" \/><\/a><\/p>\n<p><a href=\"http:\/\/www.hebe.hr\/\" target=\"_blank\"><img loading=\"lazy\" decoding=\"async\" class=\"aligncenter wp-image-426\" title=\"HEBE\" src=\"http:\/\/hdir-3.hdir.hr\/wp-content\/uploads\/2012\/02\/Hebe-Logo-300x88.jpg\" alt=\"HEBE\" width=\"400\" height=\"118\" srcset=\"https:\/\/hdir-4.hdir.hr\/wp-content\/uploads\/2012\/02\/Hebe-Logo-300x88.jpg 300w, https:\/\/hdir-4.hdir.hr\/wp-content\/uploads\/2012\/02\/Hebe-Logo.jpg 737w\" sizes=\"auto, (max-width: 400px) 100vw, 400px\" \/><\/a><\/p>\n<p><a href=\"https:\/\/www.olympus.hr\/\" target=\"_blank\"><img loading=\"lazy\" decoding=\"async\" class=\"aligncenter wp-image-670\" title=\"Olympus - Hrvatska\" src=\"http:\/\/hdir-4.hdir.hr\/wp-content\/uploads\/2016\/11\/Olympus.jpg\" alt=\"Olympus - Hrvatska\" width=\"400\" height=\"132\" srcset=\"https:\/\/hdir-4.hdir.hr\/wp-content\/uploads\/2016\/11\/Olympus.jpg 783w, https:\/\/hdir-4.hdir.hr\/wp-content\/uploads\/2016\/11\/Olympus-300x99.jpg 300w, https:\/\/hdir-4.hdir.hr\/wp-content\/uploads\/2016\/11\/Olympus-768x254.jpg 768w\" sizes=\"auto, (max-width: 400px) 100vw, 400px\" \/><\/a><\/p>\n<p><a href=\"http:\/\/alphachrom.hr\/\" target=\"_blank\"><img loading=\"lazy\" decoding=\"async\" class=\"aligncenter wp-image-607\" title=\"AlphaChrom\" src=\"http:\/\/hdir-4.hdir.hr\/wp-content\/uploads\/2016\/05\/AC-logo.jpg\" alt=\"Alphachrom\" width=\"200\" height=\"182\" srcset=\"https:\/\/hdir-4.hdir.hr\/wp-content\/uploads\/2016\/05\/AC-logo.jpg 360w, https:\/\/hdir-4.hdir.hr\/wp-content\/uploads\/2016\/05\/AC-logo-300x273.jpg 300w\" sizes=\"auto, (max-width: 200px) 100vw, 200px\" \/><\/a><\/p>\n<p><a href=\"http:\/\/www.inel-mt.hr\/\" target=\"_blank\"><img loading=\"lazy\" decoding=\"async\" class=\"aligncenter wp-image-430\" title=\"INEL - medicinska tehnika\" src=\"http:\/\/hdir-4.hdir.hr\/wp-content\/uploads\/2014\/06\/INEL-150x150.jpg\" width=\"200\" height=\"197\" \/><\/a><\/p>\n<p><a href=\"http:\/\/www.gorea-plus.hr\/\" target=\"_blank\"><img loading=\"lazy\" decoding=\"async\" class=\"aligncenter wp-image-588\" title=\"Gorea Plus\" src=\"http:\/\/hdir-4.hdir.hr\/wp-content\/uploads\/2016\/04\/Gorea.jpg\" width=\"400\" height=\"105\" srcset=\"https:\/\/hdir-4.hdir.hr\/wp-content\/uploads\/2016\/04\/Gorea.jpg 1170w, https:\/\/hdir-4.hdir.hr\/wp-content\/uploads\/2016\/04\/Gorea-300x79.jpg 300w, https:\/\/hdir-4.hdir.hr\/wp-content\/uploads\/2016\/04\/Gorea-768x202.jpg 768w, https:\/\/hdir-4.hdir.hr\/wp-content\/uploads\/2016\/04\/Gorea-1024x269.jpg 1024w\" sizes=\"auto, (max-width: 400px) 100vw, 400px\" \/><\/a><\/p>\n<p><a href=\"https:\/\/si.vwr.com\/store\/\" target=\"_blank\"><img loading=\"lazy\" decoding=\"async\" class=\"aligncenter wp-image-624\" title=\"VWR International\" src=\"http:\/\/hdir-4.hdir.hr\/wp-content\/uploads\/2016\/06\/VWR-Logo-1-11-16.jpeg\" width=\"400\" height=\"109\" srcset=\"https:\/\/hdir-4.hdir.hr\/wp-content\/uploads\/2016\/06\/VWR-Logo-1-11-16.jpeg 2700w, https:\/\/hdir-4.hdir.hr\/wp-content\/uploads\/2016\/06\/VWR-Logo-1-11-16-300x82.jpeg 300w, https:\/\/hdir-4.hdir.hr\/wp-content\/uploads\/2016\/06\/VWR-Logo-1-11-16-768x209.jpeg 768w, https:\/\/hdir-4.hdir.hr\/wp-content\/uploads\/2016\/06\/VWR-Logo-1-11-16-1024x279.jpeg 1024w\" sizes=\"auto, (max-width: 400px) 100vw, 400px\" \/><\/a><\/p>\n<p><a href=\"https:\/\/www.fokus.hr\/\" target=\"_blank\"><img loading=\"lazy\" decoding=\"async\" class=\"aligncenter wp-image-569\" title=\"Fokus\" src=\"http:\/\/hdir-4.hdir.hr\/wp-content\/uploads\/2016\/04\/fokus.jpg\" alt=\"Fokus\" width=\"401\" height=\"143\" srcset=\"https:\/\/hdir-4.hdir.hr\/wp-content\/uploads\/2016\/04\/fokus.jpg 639w, https:\/\/hdir-4.hdir.hr\/wp-content\/uploads\/2016\/04\/fokus-300x107.jpg 300w\" sizes=\"auto, (max-width: 401px) 100vw, 401px\" \/><\/a><\/p>\n<p><a href=\"http:\/\/www.medix.com.hr\" target=\"_blank\"><img loading=\"lazy\" decoding=\"async\" class=\"aligncenter wp-image-564\" title=\"MEDIX\" src=\"http:\/\/hdir-4.hdir.hr\/wp-content\/uploads\/2016\/04\/MEDIX-300x201.jpg\" width=\"300\" height=\"201\" \/><\/a><\/p>\n<p><!--:--><\/p>\n","protected":false},"excerpt":{"rendered":"<p>The Conference is being held under the auspices of the President of the Republic of Croatia Kolinda Grabar-Kitarovi\u0107. HDIR wishes to thank our sponsors:<\/p>\n","protected":false},"author":1,"featured_media":0,"parent":0,"menu_order":8,"comment_status":"closed","ping_status":"closed","template":"","meta":{"footnotes":""},"class_list":["post-72","page","type-page","status-publish","hentry"],"_links":{"self":[{"href":"https:\/\/hdir-4.hdir.hr\/index.php?rest_route=\/wp\/v2\/pages\/72","targetHints":{"allow":["GET"]}}],"collection":[{"href":"https:\/\/hdir-4.hdir.hr\/index.php?rest_route=\/wp\/v2\/pages"}],"about":[{"href":"https:\/\/hdir-4.hdir.hr\/index.php?rest_route=\/wp\/v2\/types\/page"}],"author":[{"embeddable":true,"href":"https:\/\/hdir-4.hdir.hr\/index.php?rest_route=\/wp\/v2\/users\/1"}],"replies":[{"embeddable":true,"href":"https:\/\/hdir-4.hdir.hr\/index.php?rest_route=%2Fwp%2Fv2%2Fcomments&post=72"}],"version-history":[{"count":134,"href":"https:\/\/hdir-4.hdir.hr\/index.php?rest_route=\/wp\/v2\/pages\/72\/revisions"}],"predecessor-version":[{"id":684,"href":"https:\/\/hdir-4.hdir.hr\/index.php?rest_route=\/wp\/v2\/pages\/72\/revisions\/684"}],"wp:attachment":[{"href":"https:\/\/hdir-4.hdir.hr\/index.php?rest_route=%2Fwp%2Fv2%2Fmedia&parent=72"}],"curies":[{"name":"wp","href":"https:\/\/api.w.org\/{rel}","templated":true}]}}